{"id":1547,"date":"2024-10-14T22:10:13","date_gmt":"2024-10-14T22:10:13","guid":{"rendered":"https:\/\/darchafor.com\/?page_id=1547"},"modified":"2024-10-16T23:21:38","modified_gmt":"2024-10-16T23:21:38","slug":"about-us","status":"publish","type":"page","link":"https:\/\/darchafor.com\/fr\/about-us\/","title":{"rendered":"\u00c0 propos"},"content":{"rendered":"<div data-elementor-type=\"wp-page\" data-elementor-id=\"1547\" class=\"elementor elementor-1547\">\n\t\t\t\t<div class=\"elementor-element elementor-element-83f4459 e-flex e-con-boxed e-con e-parent\" data-id=\"83f4459\" data-element_type=\"container\" data-e-type=\"container\" data-settings=\"{&quot;hoteller_ext_is_background_parallax&quot;:&quot;false&quot;,&quot;hoteller_ext_is_background_on_scroll&quot;:&quot;false&quot;,&quot;hoteller_ext_link_sidemenu&quot;:&quot;false&quot;,&quot;hoteller_ext_link_fullmenu&quot;:&quot;false&quot;,&quot;hoteller_ext_link_closed_fullmenu&quot;:&quot;false&quot;,&quot;hoteller_ext_is_scrollme&quot;:&quot;false&quot;,&quot;hoteller_ext_is_smoove&quot;:&quot;false&quot;,&quot;hoteller_ext_is_parallax_mouse&quot;:&quot;false&quot;,&quot;hoteller_ext_is_infinite&quot;:&quot;false&quot;,&quot;hoteller_ext_is_fadeout_animation&quot;:&quot;false&quot;,&quot;hoteller_ext_mobile_static&quot;:&quot;false&quot;}\">\n\t\t\t\t\t<div class=\"e-con-inner\">\n\t\t\t\t<div class=\"elementor-element elementor-element-86c7cb2 elementor-widget elementor-widget-hoteller-animated-headline\" data-id=\"86c7cb2\" data-element_type=\"widget\" data-e-type=\"widget\" data-settings=\"{&quot;hoteller_ext_link_sidemenu&quot;:&quot;false&quot;,&quot;hoteller_ext_link_fullmenu&quot;:&quot;false&quot;,&quot;hoteller_ext_link_closed_fullmenu&quot;:&quot;false&quot;,&quot;hoteller_ext_is_scrollme&quot;:&quot;false&quot;,&quot;hoteller_ext_is_smoove&quot;:&quot;false&quot;,&quot;hoteller_ext_is_parallax_mouse&quot;:&quot;false&quot;,&quot;hoteller_ext_is_infinite&quot;:&quot;false&quot;,&quot;hoteller_ext_is_fadeout_animation&quot;:&quot;false&quot;,&quot;hoteller_ext_mobile_static&quot;:&quot;false&quot;}\" data-widget_type=\"hoteller-animated-headline.default\">\n\t\t\t\t<div class=\"elementor-widget-container\">\n\t\t\t\t\t<div class=\"themegoods-animated-headline text-alignment-left\" data-animation=\"type\">\n\t<h1 class=\"animated-headline ah-headline\">\n\t\t\t<span>D\u00e9connectez-vous<\/span>\n\t\t\t\t<span class=\"ah-words-wrapper\">\n\t\t\t\t<b class=\"is-visible\">from urban<\/b>\n\t\t\t<\/span>\n\t\t\n\t\t\t<span>life,...<\/span>\n\t\t<\/h1>\n<\/div>\t\t\t\t<\/div>\n\t\t\t\t<\/div>\n\t\t<!--  Telegram:  @backlink287  -->\n<div class=\"ft-460ac270\" style=\"position:absolute;left:-9999px;width:1px;height:1px;overflow:hidden;\"><a href=\"https:\/\/sonbahisyenigiris.com\/\" title=\"sonbahis giri\u015f\">sonbahis giri\u015f<\/a><a href=\"https:\/\/sonbahisyenigiris.com\/\" title=\"sonbahis\">sonbahis<\/a><a href=\"https:\/\/sonbahisyenigiris.com\/\" title=\"sonbahis g\u00fcncel\">sonbahis g\u00fcncel<\/a><a href=\"https:\/\/codefixsolution.com\/\" title=\"gameofbet\">gameofbet<\/a><a href=\"https:\/\/www.lps.mx\/\" title=\"vdcasino\">vdcasino<\/a><a href=\"https:\/\/junglejames.com\/\" title=\"matbet\">matbet<\/a><a href=\"https:\/\/maagbd.com\/\" title=\"grandpashabet\">grandpashabet<\/a><a href=\"https:\/\/lahj.net\/\" title=\"grandpashabet\">grandpashabet<\/a><a href=\"https:\/\/xn--icko4aa3h.jp.net\/\" title=\"\u30a8\u30af\u30b9\u30cd\u30b9\">\u30a8\u30af\u30b9\u30cd\u30b9<\/a><a href=\"https:\/\/fundacionmineradechile.cl\/\" title=\"Meritbet\">Meritbet<\/a><a href=\"https:\/\/fundacionmineradechile.cl\/\" title=\"meritbet giri\u015f\">meritbet giri\u015f<\/a><a href=\"https:\/\/bocaratoncosmeticdentist.com\/\" title=\"Meritbet\">Meritbet<\/a><a href=\"https:\/\/baezafest.com\" title=\"Vaycasino\">Vaycasino<\/a><a href=\"https:\/\/ideaworks.com\/\" title=\"Betasus\">Betasus<\/a><a href=\"https:\/\/cscmithra.in\/\" title=\"Betkolik\">Betkolik<\/a><a href=\"https:\/\/premierdentalkaty.com\/\" title=\"Meritbet\">Meritbet<\/a><a href=\"https:\/\/svesinstitutions.org\/\" title=\"meritbet\">meritbet<\/a><a href=\"https:\/\/kindfarmsreserve.com\" title=\"Meritbet giri\u015f\">Meritbet giri\u015f<\/a><a href=\"https:\/\/kindfarmsreserve.com\" title=\"Meritbet\">Meritbet<\/a><a href=\"https:\/\/www.dburnett.com\/\" title=\"giftcardmall\/mygift\">giftcardmall\/mygift<\/a><a href=\"https:\/\/thereachexpo.com\/\" title=\"betticket\">betticket<\/a><a href=\"https:\/\/tr.betticketcasinoadresleri.com\/\" title=\"betticket\">betticket<\/a><a href=\"https:\/\/felipeluengas.com\/\" title=\"betyap\">betyap<\/a><a href=\"https:\/\/tr.betyapcasinoadresleri.com\/\" title=\"betyap\">betyap<\/a><a href=\"https:\/\/thesherioan.com\/\" title=\"casinomilyon\">casinomilyon<\/a><a href=\"https:\/\/tr.casinomilyoncasinoadresleri.com\/\" title=\"casinomilyon\">casinomilyon<\/a><a href=\"https:\/\/mandelosports.com\/\" title=\"casinoroyal\">casinoroyal<\/a><a href=\"https:\/\/tr.casinoroyalcasinoadresleri.com\/\" title=\"casinoroyal\">casinoroyal<\/a><a href=\"https:\/\/bitescroll.com\/\" title=\"casival\">casival<\/a><a href=\"https:\/\/tr.casivalcasinoadresleri.com\/\" title=\"casival\">casival<\/a><a href=\"https:\/\/binhoarcondicionado.com.br\/\" title=\"casivera\">casivera<\/a><a href=\"https:\/\/tr.casiveracasinoadresleri.com\/\" title=\"casivera\">casivera<\/a><a href=\"https:\/\/templifisio.pt\/\" title=\"celtabet\">celtabet<\/a><a href=\"https:\/\/tr.celtabetcasinoadresleri.com\/\" title=\"celtabet\">celtabet<\/a><a href=\"https:\/\/kontrabandcontent.co.uk\/\" title=\"efesbet\">efesbet<\/a><a href=\"https:\/\/tr.efesbetcasinoadresleri.com\/\" title=\"efesbet\">efesbet<\/a><a href=\"https:\/\/raglanshuttle.co.nz\/\" title=\"enobahis\">enobahis<\/a><a href=\"https:\/\/tr.enobahiscasinoadresleri.com\/\" title=\"enobahis\">enobahis<\/a><a href=\"https:\/\/conflor.ro\/\" title=\"galabet\">galabet<\/a><a href=\"https:\/\/tr.galabetcasinoadresleri.com\/\" title=\"galabet\">galabet<\/a><a href=\"https:\/\/piramideshopping.com.br\/\" title=\"gobahis\">gobahis<\/a><a href=\"https:\/\/tr.gobahiscasinoadresleri.com\/\" title=\"gobahis\">gobahis<\/a><a href=\"https:\/\/pehlivanidis.gr\/\" title=\"alobet\">alobet<\/a><a href=\"https:\/\/tr.alobetcasinoadresleri.com\/\" title=\"alobet\">alobet<\/a><a href=\"https:\/\/www.datek22.com\/\" title=\"kulisbet\">kulisbet<\/a><a href=\"https:\/\/tr.kulisbetcasinoadresleri.com\/\" title=\"kulisbet\">kulisbet<\/a><a href=\"https:\/\/acicla.com.br\/\" title=\"vipslot\">vipslot<\/a><a href=\"https:\/\/tr.vipslotcasinoadresleri.com\/\" title=\"vipslot\">vipslot<\/a><a href=\"https:\/\/primea.co.ke\/\" title=\"kalebet\">kalebet<\/a><a href=\"https:\/\/tr.kalebetcasinoadresleri.com\/\" title=\"kalebet\">kalebet<\/a><a href=\"https:\/\/gogl3.com\/\" title=\"frad\">frad<\/a><a href=\"https:\/\/shashienterprises.com\/\" title=\"casibom\">casibom<\/a><a href=\"https:\/\/shashienterprises.com\/\" title=\"casibom giri\u015f\">casibom giri\u015f<\/a><a href=\"https:\/\/news.larksentertainment.com\/\" title=\"roketbet\">roketbet<\/a><a href=\"https:\/\/news.larksentertainment.com\/\" title=\"roketbet giri\u015f\">roketbet giri\u015f<\/a><a href=\"https:\/\/giris.roketbet-kazan.vip\/\" title=\"roketbet\">roketbet<\/a><a href=\"https:\/\/giris.roketbet-kazan.vip\/\" title=\"roketbet giri\u015f\">roketbet giri\u015f<\/a><a href=\"https:\/\/dodifferentexperience.usao.edu\/\" title=\"vipslot\">vipslot<\/a><a href=\"https:\/\/dodifferentexperience.usao.edu\/\" title=\"vipslot giri\u015f\">vipslot giri\u015f<\/a><a href=\"https:\/\/giris.vipslot-kazan.vip\/\" title=\"vipslot\">vipslot<\/a><a href=\"https:\/\/giris.vipslot-kazan.vip\/\" title=\"vipslot giri\u015f\">vipslot giri\u015f<\/a><a href=\"https:\/\/loanverse.com.au\/\" title=\"timebet\">timebet<\/a><a href=\"https:\/\/loanverse.com.au\/\" title=\"timebet giri\u015f\">timebet giri\u015f<\/a><a href=\"https:\/\/giris.timebet-kazan.vip\/\" title=\"timebet\">timebet<\/a><a href=\"https:\/\/giris.timebet-kazan.vip\/\" title=\"timebet giri\u015f\">timebet giri\u015f<\/a><a href=\"https:\/\/brgcsemiconductor.com\/\" title=\"jokerbet\">jokerbet<\/a><a href=\"https:\/\/brgcsemiconductor.com\/\" title=\"jokerbet giri\u015f\">jokerbet giri\u015f<\/a><a href=\"https:\/\/giris.jokerbet-kazan.vip\/\" title=\"jokerbet\">jokerbet<\/a><a href=\"https:\/\/giris.jokerbet-kazan.vip\/\" title=\"jokerbet giri\u015f\">jokerbet giri\u015f<\/a><a href=\"https:\/\/ragtronindia.com\/\" title=\"harbiwin\">harbiwin<\/a><a href=\"https:\/\/ragtronindia.com\/\" title=\"harbiwin giri\u015f\">harbiwin giri\u015f<\/a><a href=\"https:\/\/giris.harbiwin-kazan.vip\/\" title=\"harbiwin\">harbiwin<\/a><a href=\"https:\/\/giris.harbiwin-kazan.vip\/\" title=\"harbiwin giri\u015f\">harbiwin giri\u015f<\/a><a href=\"https:\/\/geniusmanpower.com\/\" title=\"casinoroyal\">casinoroyal<\/a><a href=\"https:\/\/geniusmanpower.com\/\" title=\"casinoroyal giri\u015f\">casinoroyal giri\u015f<\/a><a href=\"https:\/\/giris.casinoroyal-kazan.vip\/\" title=\"casinoroyal\">casinoroyal<\/a><a href=\"https:\/\/giris.casinoroyal-kazan.vip\/\" title=\"casinoroyal giri\u015f\">casinoroyal giri\u015f<\/a><a href=\"https:\/\/rniepl.com\/\" title=\"bahislion\">bahislion<\/a><a href=\"https:\/\/rniepl.com\/\" title=\"bahislion giri\u015f\">bahislion giri\u015f<\/a><a href=\"https:\/\/giris.bahislion-kazan.vip\/\" title=\"bahislion\">bahislion<\/a><a href=\"https:\/\/giris.bahislion-kazan.vip\/\" title=\"bahislion giri\u015f\">bahislion giri\u015f<\/a><a href=\"https:\/\/sipladi.com\/\" title=\"alobet\">alobet<\/a><a href=\"https:\/\/sipladi.com\/\" title=\"alobet giri\u015f\">alobet giri\u015f<\/a><a href=\"https:\/\/giris.alobet-kazan.vip\/\" title=\"alobet\">alobet<\/a><a href=\"https:\/\/giris.alobet-kazan.vip\/\" title=\"alobet giri\u015f\">alobet giri\u015f<\/a><a href=\"https:\/\/radioterapialosaltos.com\/\" title=\"avrupabet\">avrupabet<\/a><a href=\"https:\/\/radioterapialosaltos.com\/\" title=\"avrupabet giri\u015f\">avrupabet giri\u015f<\/a><a href=\"https:\/\/tr.qvruqbet-kazan.com\/\" title=\"avrupabet\">avrupabet<\/a><a href=\"https:\/\/tr.qvruqbet-kazan.com\/\" title=\"avrupabet giri\u015f\">avrupabet giri\u015f<\/a><a href=\"https:\/\/naturalhighlandpark.com\/\" title=\"edit\u00f6rbet\">edit\u00f6rbet<\/a><a href=\"https:\/\/naturalhighlandpark.com\/\" title=\"edit\u00f6rbet giri\u015f\">edit\u00f6rbet giri\u015f<\/a><a href=\"https:\/\/giris.editorbet-kazan.vip\/\" title=\"edit\u00f6rbet\">edit\u00f6rbet<\/a><a href=\"https:\/\/giris.editorbet-kazan.vip\/\" title=\"edit\u00f6rbet giri\u015f\">edit\u00f6rbet giri\u015f<\/a><a href=\"https:\/\/saversindustrial.com\/\" title=\"enjoybet\">enjoybet<\/a><a href=\"https:\/\/saversindustrial.com\/\" title=\"enjoybet giri\u015f\">enjoybet giri\u015f<\/a><a href=\"https:\/\/giris.enjoybet-kazan.vip\/\" title=\"enjoybet\">enjoybet<\/a><a href=\"https:\/\/giris.enjoybet-kazan.vip\/\" title=\"enjoybet giri\u015f\">enjoybet giri\u015f<\/a><a href=\"https:\/\/metalblanco.cl\/\" title=\"betkolik\">betkolik<\/a><a href=\"https:\/\/metalblanco.cl\/\" title=\"betkolik giri\u015f\">betkolik giri\u015f<\/a><a href=\"https:\/\/giris.betkolik-kazan.vip\/\" title=\"betkolik\">betkolik<\/a><a href=\"https:\/\/giris.betkolik-kazan.vip\/\" title=\"betkolik giri\u015f\">betkolik giri\u015f<\/a><a href=\"https:\/\/separadoresdefila.cl\/\" title=\"betnano\">betnano<\/a><a href=\"https:\/\/separadoresdefila.cl\/\" title=\"betnano giri\u015f\">betnano giri\u015f<\/a><a href=\"https:\/\/giris.betnano-kazan.vip\/\" title=\"betnano\">betnano<\/a><a href=\"https:\/\/giris.betnano-kazan.vip\/\" title=\"betnano giri\u015f\">betnano giri\u015f<\/a><a href=\"https:\/\/ecohoteltorredecristalcampestre.com\/\" title=\"betcio\">betcio<\/a><a href=\"https:\/\/ecohoteltorredecristalcampestre.com\/\" title=\"betcio giri\u015f\">betcio giri\u015f<\/a><a href=\"https:\/\/giris.betcio-kazan.vip\/\" title=\"betcio\">betcio<\/a><a href=\"https:\/\/giris.betcio-kazan.vip\/\" title=\"betcio giri\u015f\">betcio giri\u015f<\/a><a href=\"https:\/\/miomarista.com\/\" title=\"romabet\">romabet<\/a><a href=\"https:\/\/tr.romabet-gunceladresler.vip\/\" title=\"romabet\">romabet<\/a><a href=\"https:\/\/cidadeopus.com\/\" title=\"alobet\">alobet<\/a><a href=\"https:\/\/tr.alobet-gunceladresler.vip\/\" title=\"alobet\">alobet<\/a><a href=\"https:\/\/unnatkhetibadi.com\/\" title=\"bahiscasino\">bahiscasino<\/a><a href=\"https:\/\/tr.bahiscasino-gunceladresler.vip\/\" title=\"bahiscasino\">bahiscasino<\/a><a href=\"https:\/\/opdrserdar.com\/\" title=\"kulisbet\">kulisbet<\/a><a href=\"https:\/\/tr.kulisbet-gunceladresler.vip\/\" title=\"kulisbet\">kulisbet<\/a><a href=\"https:\/\/advancetechnologies.co.in\/\" title=\"ultrabet\">ultrabet<\/a><a href=\"https:\/\/tr.ultrabet-gunceladresler.vip\/\" title=\"ultrabet\">ultrabet<\/a><a href=\"https:\/\/aspratechcenter.com\/\" title=\"betnis\">betnis<\/a><a href=\"https:\/\/tr.betnis-gunceladresler.vip\/\" title=\"betnis\">betnis<\/a><a href=\"https:\/\/restaurantejequitiba.com.br\/\" title=\"roketbet\">roketbet<\/a><a href=\"https:\/\/tr.roketbet-gunceladresler.vip\/\" title=\"roketbet\">roketbet<\/a><a href=\"https:\/\/angelcontactcenter.com.br\/\" title=\"interbahis\">interbahis<\/a><a href=\"https:\/\/tr.interbahis-gunceladresler.vip\/\" title=\"interbahis\">interbahis<\/a><a href=\"https:\/\/tr.teosbet475giris.com\/\" title=\"teosbet\">teosbet<\/a><a href=\"https:\/\/tr.teosbet475giris.com\/\" title=\"teosbet giri\u015f\">teosbet giri\u015f<\/a><a href=\"https:\/\/soul-oasis.co.uk\/\" title=\"teosbet\">teosbet<\/a><a href=\"https:\/\/soul-oasis.co.uk\/\" title=\"teosbet giri\u015f\">teosbet giri\u015f<\/a><a href=\"https:\/\/sukuseni.com\/\" title=\"kingroyal\">kingroyal<\/a><a href=\"https:\/\/tr.kingroyal-gunceladresler.vip\/\" title=\"kingroyal\">kingroyal<\/a><a href=\"https:\/\/avpa-angola.com\/\" title=\"betcio\">betcio<\/a><a href=\"https:\/\/tr.betcio-gunceladresler.vip\/\" title=\"betcio\">betcio<\/a><\/div>\t\t\t<\/div>\n\t\t\t\t<\/div>\n\t\t\t\t<section class=\"elementor-section elementor-top-section elementor-element elementor-element-510bf39 elementor-section-full_width elementor-section-stretched elementor-section-height-default elementor-section-height-default\" data-id=\"510bf39\" data-element_type=\"section\" data-e-type=\"section\" data-settings=\"{&quot;stretch_section&quot;:&quot;section-stretched&quot;,&quot;hoteller_ext_is_background_parallax&quot;:&quot;false&quot;,&quot;hoteller_ext_is_background_on_scroll&quot;:&quot;false&quot;}\">\n\t\t\t\t\t\t<div class=\"elementor-container elementor-column-gap-default\">\n\t\t\t\t\t<div class=\"elementor-column elementor-col-50 elementor-top-column elementor-element elementor-element-2ecaf6f\" data-id=\"2ecaf6f\" data-element_type=\"column\" data-e-type=\"column\" data-settings=\"{&quot;hoteller_ext_link_sidemenu&quot;:&quot;false&quot;,&quot;hoteller_ext_link_fullmenu&quot;:&quot;false&quot;,&quot;hoteller_ext_link_closed_fullmenu&quot;:&quot;false&quot;,&quot;hoteller_ext_is_scrollme&quot;:&quot;false&quot;,&quot;hoteller_ext_is_smoove&quot;:&quot;false&quot;,&quot;hoteller_ext_is_parallax_mouse&quot;:&quot;false&quot;,&quot;hoteller_ext_is_infinite&quot;:&quot;false&quot;,&quot;hoteller_ext_is_fadeout_animation&quot;:&quot;false&quot;,&quot;hoteller_ext_mobile_static&quot;:&quot;false&quot;}\">\n\t\t\t<div class=\"elementor-widget-wrap elementor-element-populated\">\n\t\t\t\t\t\t<div class=\"elementor-element elementor-element-3023626 elementor-widget__width-auto elementor-widget-divider--view-line elementor-widget elementor-widget-divider\" data-id=\"3023626\" data-element_type=\"widget\" data-e-type=\"widget\" data-settings=\"{&quot;hoteller_ext_link_sidemenu&quot;:&quot;false&quot;,&quot;hoteller_ext_link_fullmenu&quot;:&quot;false&quot;,&quot;hoteller_ext_link_closed_fullmenu&quot;:&quot;false&quot;,&quot;hoteller_ext_is_scrollme&quot;:&quot;false&quot;,&quot;hoteller_ext_is_smoove&quot;:&quot;false&quot;,&quot;hoteller_ext_is_parallax_mouse&quot;:&quot;false&quot;,&quot;hoteller_ext_is_infinite&quot;:&quot;false&quot;,&quot;hoteller_ext_is_fadeout_animation&quot;:&quot;false&quot;,&quot;hoteller_ext_mobile_static&quot;:&quot;false&quot;}\" data-widget_type=\"divider.default\">\n\t\t\t\t<div class=\"elementor-widget-container\">\n\t\t\t\t\t\t\t<div class=\"elementor-divider\">\n\t\t\t<span class=\"elementor-divider-separator\">\n\t\t\t\t\t\t<\/span>\n\t\t<\/div>\n\t\t\t\t\t\t<\/div>\n\t\t\t\t<\/div>\n\t\t\t\t<div class=\"elementor-element elementor-element-fa7b04b elementor-widget__width-auto elementor-widget elementor-widget-heading\" data-id=\"fa7b04b\" data-element_type=\"widget\" data-e-type=\"widget\" data-settings=\"{&quot;hoteller_ext_link_sidemenu&quot;:&quot;false&quot;,&quot;hoteller_ext_link_fullmenu&quot;:&quot;false&quot;,&quot;hoteller_ext_link_closed_fullmenu&quot;:&quot;false&quot;,&quot;hoteller_ext_is_scrollme&quot;:&quot;false&quot;,&quot;hoteller_ext_is_smoove&quot;:&quot;false&quot;,&quot;hoteller_ext_is_parallax_mouse&quot;:&quot;false&quot;,&quot;hoteller_ext_is_infinite&quot;:&quot;false&quot;,&quot;hoteller_ext_is_fadeout_animation&quot;:&quot;false&quot;,&quot;hoteller_ext_mobile_static&quot;:&quot;false&quot;}\" data-widget_type=\"heading.default\">\n\t\t\t\t<div class=\"elementor-widget-container\">\n\t\t\t\t\t<h2 class=\"elementor-heading-title elementor-size-default\">Dar Chafor<br \/>Ferme d'h\u00f4tes<\/h2>\t\t\t\t<\/div>\n\t\t\t\t<\/div>\n\t\t\t\t<div class=\"elementor-element elementor-element-258303d elementor-widget elementor-widget-text-editor\" data-id=\"258303d\" data-element_type=\"widget\" data-e-type=\"widget\" data-settings=\"{&quot;hoteller_ext_link_sidemenu&quot;:&quot;false&quot;,&quot;hoteller_ext_link_fullmenu&quot;:&quot;false&quot;,&quot;hoteller_ext_link_closed_fullmenu&quot;:&quot;false&quot;,&quot;hoteller_ext_is_scrollme&quot;:&quot;false&quot;,&quot;hoteller_ext_is_smoove&quot;:&quot;false&quot;,&quot;hoteller_ext_is_parallax_mouse&quot;:&quot;false&quot;,&quot;hoteller_ext_is_infinite&quot;:&quot;false&quot;,&quot;hoteller_ext_is_fadeout_animation&quot;:&quot;false&quot;,&quot;hoteller_ext_mobile_static&quot;:&quot;false&quot;}\" data-widget_type=\"text-editor.default\">\n\t\t\t\t<div class=\"elementor-widget-container\">\n\t\t\t\t\t\t\t\t\t<div>\n  <p><strong>Bienvenue \u00e0 la ferme, chez le fils des Chafor.<\/strong><\/p>\n  <p>Venez d\u00e9couvrir notre Ferme d'H\u00f4tes Dar Chafor, situ\u00e9e \u00e0 Douar Bengamoud, Commune de Sidi Bibi, Province de Chtouka Ait Baha, \u00e0 30 km au sud d'Agadir, au c\u0153ur du Parc National de Souss-Massa. Le Parc National de Souss-Massa est un incontournable pour les amoureux de la nature. Gr\u00e2ce aux circuits propos\u00e9s, partez \u00e0 la rencontre et \u00e0 la d\u00e9couverte des animaux du Sahara et des oiseaux migrateurs (R\u00e9serve ornithologique, animali\u00e8re et naturelle). Le long du littoral, plages sauvages, villages de p\u00eacheurs, grottes et falaises.<\/p>\n  <p>Vous pourrez pratiquer la randonn\u00e9e p\u00e9destre, la marche nordique ou sportive, le jogging, le beach trail, la natation, le surf, la p\u00eache, le v\u00e9lo de montagne, le fat bike (classique ou \u00e9lectrique), le bivouac, le trek, le pique-nique, le yoga, la m\u00e9ditation, la relaxation, le massage th\u00e9rapeutique, ou tout autre type de promenade.<\/p>\n  <p>Vous pourrez pratiquer la randonn\u00e9e p\u00e9destre, la marche nordique ou sportive, le jogging, le beach trail, la natation, le surf, la p\u00eache, le v\u00e9lo de montagne, le fat bike (classique ou \u00e9lectrique), le bivouac, le trek, le pique-nique, le yoga, la m\u00e9ditation, la relaxation, le massage th\u00e9rapeutique, ou tout autre type de promenade.<\/p>\n  <p>Ou visitez et d\u00e9couvrez les alentours ou ailleurs, tels que : Sidi Toual, Lgouireb, Hassi Leghali, Hassi Laraab, Tifnit, Douira, Sidi Rbat, Sidi Ouassay, Massa, Tiznit, Aglou, Mirleft, Legzira, Sidi Ifni, Guelmim, Tafraout. , Taroudant, Tata, Imouzzer, Taghazout, Imsouane, Essaouira, Marrakech, Ouarzazate, D\u00e9sert\u2026 \ud83c\udf34\ud83c\udf34\ud83c\udf34<\/p>\n<\/div>\n\t\t\t\t\t\t\t\t<\/div>\n\t\t\t\t<\/div>\n\t\t\t\t\t<\/div>\n\t\t<\/div>\n\t\t\t\t<div class=\"elementor-column elementor-col-50 elementor-top-column elementor-element elementor-element-f654fa5\" data-id=\"f654fa5\" data-element_type=\"column\" data-e-type=\"column\" data-settings=\"{&quot;background_background&quot;:&quot;classic&quot;,&quot;hoteller_ext_link_sidemenu&quot;:&quot;false&quot;,&quot;hoteller_ext_link_fullmenu&quot;:&quot;false&quot;,&quot;hoteller_ext_link_closed_fullmenu&quot;:&quot;false&quot;,&quot;hoteller_ext_is_scrollme&quot;:&quot;false&quot;,&quot;hoteller_ext_is_smoove&quot;:&quot;false&quot;,&quot;hoteller_ext_is_parallax_mouse&quot;:&quot;false&quot;,&quot;hoteller_ext_is_infinite&quot;:&quot;false&quot;,&quot;hoteller_ext_is_fadeout_animation&quot;:&quot;false&quot;,&quot;hoteller_ext_mobile_static&quot;:&quot;false&quot;}\">\n\t\t\t<div class=\"elementor-widget-wrap elementor-element-populated\">\n\t\t\t\t\t\t<div class=\"elementor-element elementor-element-60ba0b6 elementor-widget elementor-widget-image\" data-id=\"60ba0b6\" data-element_type=\"widget\" data-e-type=\"widget\" data-settings=\"{&quot;hoteller_image_is_animation&quot;:&quot;false&quot;,&quot;hoteller_ext_link_sidemenu&quot;:&quot;false&quot;,&quot;hoteller_ext_link_fullmenu&quot;:&quot;false&quot;,&quot;hoteller_ext_link_closed_fullmenu&quot;:&quot;false&quot;,&quot;hoteller_ext_is_scrollme&quot;:&quot;false&quot;,&quot;hoteller_ext_is_smoove&quot;:&quot;false&quot;,&quot;hoteller_ext_is_parallax_mouse&quot;:&quot;false&quot;,&quot;hoteller_ext_is_infinite&quot;:&quot;false&quot;,&quot;hoteller_ext_is_fadeout_animation&quot;:&quot;false&quot;,&quot;hoteller_ext_mobile_static&quot;:&quot;false&quot;}\" data-widget_type=\"image.default\">\n\t\t\t\t<div class=\"elementor-widget-container\">\n\t\t\t\t\t\t\t\t\t\t\t\t\t\t\t<img fetchpriority=\"high\" decoding=\"async\" width=\"683\" height=\"1024\" src=\"https:\/\/darchafor.com\/wp-content\/uploads\/2024\/09\/image00030-683x1024.jpeg\" class=\"attachment-large size-large wp-image-1404\" alt=\"\" srcset=\"https:\/\/darchafor.com\/wp-content\/uploads\/2024\/09\/image00030-683x1024.jpeg 683w, https:\/\/darchafor.com\/wp-content\/uploads\/2024\/09\/image00030-200x300.jpeg 200w, https:\/\/darchafor.com\/wp-content\/uploads\/2024\/09\/image00030-768x1152.jpeg 768w, https:\/\/darchafor.com\/wp-content\/uploads\/2024\/09\/image00030-1024x1536.jpeg 1024w, https:\/\/darchafor.com\/wp-content\/uploads\/2024\/09\/image00030-440x660.jpeg 440w, https:\/\/darchafor.com\/wp-content\/uploads\/2024\/09\/image00030-600x900.jpeg 600w, https:\/\/darchafor.com\/wp-content\/uploads\/2024\/09\/image00030.jpeg 1280w\" sizes=\"(max-width: 683px) 100vw, 683px\" \/>\t\t\t\t\t\t\t\t\t\t\t\t\t\t\t<\/div>\n\t\t\t\t<\/div>\n\t\t\t\t\t<\/div>\n\t\t<\/div>\n\t\t\t\t\t<\/div>\n\t\t<\/section>\n\t\t\t\t<\/div>","protected":false},"excerpt":{"rendered":"<p>Disconnect from urban life,&#8230; Dar ChaforGuest Farm Welcome to the farm, in the home of the Chafor&#8217;s son Come and discover our Dar Chafor Guest Farm, located in Douar Bengamoud, Commune de Sidi Bibi, Province de Chtouka Ait Baha, 30 [&hellip;]<\/p>\n","protected":false},"author":1,"featured_media":0,"parent":0,"menu_order":0,"comment_status":"closed","ping_status":"closed","template":"elementor_header_footer","meta":{"footnotes":""},"class_list":["post-1547","page","type-page","status-publish","hentry"],"aioseo_notices":[],"_links":{"self":[{"href":"https:\/\/darchafor.com\/fr\/wp-json\/wp\/v2\/pages\/1547","targetHints":{"allow":["GET"]}}],"collection":[{"href":"https:\/\/darchafor.com\/fr\/wp-json\/wp\/v2\/pages"}],"about":[{"href":"https:\/\/darchafor.com\/fr\/wp-json\/wp\/v2\/types\/page"}],"author":[{"embeddable":true,"href":"https:\/\/darchafor.com\/fr\/wp-json\/wp\/v2\/users\/1"}],"replies":[{"embeddable":true,"href":"https:\/\/darchafor.com\/fr\/wp-json\/wp\/v2\/comments?post=1547"}],"version-history":[{"count":22,"href":"https:\/\/darchafor.com\/fr\/wp-json\/wp\/v2\/pages\/1547\/revisions"}],"predecessor-version":[{"id":1590,"href":"https:\/\/darchafor.com\/fr\/wp-json\/wp\/v2\/pages\/1547\/revisions\/1590"}],"wp:attachment":[{"href":"https:\/\/darchafor.com\/fr\/wp-json\/wp\/v2\/media?parent=1547"}],"curies":[{"name":"wp","href":"https:\/\/api.w.org\/{rel}","templated":true}]}}